{"id":5329,"date":"2017-09-19T15:38:06","date_gmt":"2017-09-19T15:38:06","guid":{"rendered":"http:\/\/dorotea.es\/producto\/ruby-high-heel-boot-lake-blue-2\/"},"modified":"2022-11-09T11:08:06","modified_gmt":"2022-11-09T11:08:06","slug":"ruby-high-heel-boot-black","status":"publish","type":"product","link":"https:\/\/dorotea.es\/en\/producto\/ruby-high-heel-boot-black\/","title":{"rendered":"RUBY | High heel boot"},"content":{"rendered":"<h5>RUBY\u00a0| High heel boot<\/h5>\n<h6>Ref.: 1814 Color:\u00a0Black<\/h6>\n<p>The high heel ankle boot &#8220;Ruby&#8221; radiates sensuality thanks to its design of curved pieces and lines. Handcrafted in Menorca, with two leathers, calfskin and suede both in black color. This model has a rounded toe, a angular block heel that ensure a comfortable walking. These boots will bring femininity and style to your office looks.<\/p>\n<ul>\n<li>Soft italian cow leather<\/li>\n<li>Calfskin leather lining<\/li>\n<li>Leather Sole<\/li>\n<li>Angular block heel 2,75&#8243;<\/li>\n<li>Padded insoles for comfort<\/li>\n<li>Made in Menorca, Spain<\/li>\n<li>Fit exactly<\/li>\n<li>European Sizes<\/li>\n<\/ul>\n","protected":false},"excerpt":{"rendered":"<p>The high-heel\u00a0 ankle boot &#8220;Ruby&#8221; radiates sensuality thanks to its design of curved pieces and lines.\u00a0These boots will bring femininity and style to your office looks.<\/p>\n","protected":false},"featured_media":5716,"comment_status":"open","ping_status":"closed","template":"","meta":[],"yoast_head":"<!-- This site is optimized with the Yoast SEO plugin v16.2 - https:\/\/yoast.com\/wordpress\/plugins\/seo\/ -->\n<title>Dorotea | Official Store - High heel Ruby boot in black color| Designer Shoes &amp; Handbags<\/title>\n<meta name=\"description\" content=\"El bot\u00edn \u201dRuby\u201d irradia sofisticaci\u00f3n gracias a su dise\u00f1o de piezas de l\u00edneas curvas y aportar\u00e1 feminidad y estilo a tus looks de oficina.\" \/>\n<meta name=\"robots\" content=\"index, follow, max-snippet:-1, max-image-preview:large, max-video-preview:-1\" \/>\n<link rel=\"canonical\" href=\"https:\/\/dorotea.es\/en\/producto\/ruby-high-heel-boot-black\/\" \/>\n<meta property=\"og:locale\" content=\"en_US\" \/>\n<meta property=\"og:type\" content=\"article\" \/>\n<meta property=\"og:title\" content=\"Dorotea | Official Store - High heel Ruby boot in black color| Designer Shoes &amp; Handbags\" \/>\n<meta property=\"og:description\" content=\"El bot\u00edn \u201dRuby\u201d irradia sofisticaci\u00f3n gracias a su dise\u00f1o de piezas de l\u00edneas curvas y aportar\u00e1 feminidad y estilo a tus looks de oficina.\" \/>\n<meta property=\"og:url\" content=\"https:\/\/dorotea.es\/en\/producto\/ruby-high-heel-boot-black\/\" \/>\n<meta property=\"og:site_name\" content=\"Dorotea\" \/>\n<meta property=\"article:publisher\" content=\"https:\/\/es-es.facebook.com\/dorotea.bcn\/\" \/>\n<meta property=\"article:modified_time\" content=\"2022-11-09T11:08:06+00:00\" \/>\n<meta property=\"og:image\" content=\"https:\/\/dorotea.es\/wp-content\/uploads\/2017\/09\/dorotea-1814-ruby-negro-2100x1436.jpg\" \/>\n\t<meta property=\"og:image:width\" content=\"2100\" \/>\n\t<meta property=\"og:image:height\" content=\"1436\" \/>\n<meta name=\"twitter:card\" content=\"summary\" \/>\n<script type=\"application\/ld+json\" class=\"yoast-schema-graph\">{\"@context\":\"https:\/\/schema.org\",\"@graph\":[{\"@type\":\"WebSite\",\"@id\":\"https:\/\/dorotea.es\/#website\",\"url\":\"https:\/\/dorotea.es\/\",\"name\":\"Dorotea\",\"description\":\"\",\"potentialAction\":[{\"@type\":\"SearchAction\",\"target\":\"https:\/\/dorotea.es\/?s={search_term_string}\",\"query-input\":\"required name=search_term_string\"}],\"inLanguage\":\"en-US\"},{\"@type\":\"ImageObject\",\"@id\":\"https:\/\/dorotea.es\/en\/producto\/ruby-high-heel-boot-black\/#primaryimage\",\"inLanguage\":\"en-US\",\"url\":\"https:\/\/dorotea.es\/wp-content\/uploads\/2017\/09\/dorotea-1814-ruby-negro.jpg\",\"contentUrl\":\"https:\/\/dorotea.es\/wp-content\/uploads\/2017\/09\/dorotea-1814-ruby-negro.jpg\",\"width\":7184,\"height\":4911,\"caption\":\"Dorotea bot\\u00edn de tac\\u00f3n alto Ruby negro fw18\"},{\"@type\":\"WebPage\",\"@id\":\"https:\/\/dorotea.es\/en\/producto\/ruby-high-heel-boot-black\/#webpage\",\"url\":\"https:\/\/dorotea.es\/en\/producto\/ruby-high-heel-boot-black\/\",\"name\":\"Dorotea | Official Store - High heel Ruby boot in black color| Designer Shoes & Handbags\",\"isPartOf\":{\"@id\":\"https:\/\/dorotea.es\/#website\"},\"primaryImageOfPage\":{\"@id\":\"https:\/\/dorotea.es\/en\/producto\/ruby-high-heel-boot-black\/#primaryimage\"},\"datePublished\":\"2017-09-19T15:38:06+00:00\",\"dateModified\":\"2022-11-09T11:08:06+00:00\",\"description\":\"El bot\\u00edn \\u201dRuby\\u201d irradia sofisticaci\\u00f3n gracias a su dise\\u00f1o de piezas de l\\u00edneas curvas y aportar\\u00e1 feminidad y estilo a tus looks de oficina.\",\"breadcrumb\":{\"@id\":\"https:\/\/dorotea.es\/en\/producto\/ruby-high-heel-boot-black\/#breadcrumb\"},\"inLanguage\":\"en-US\",\"potentialAction\":[{\"@type\":\"ReadAction\",\"target\":[\"https:\/\/dorotea.es\/en\/producto\/ruby-high-heel-boot-black\/\"]}]},{\"@type\":\"BreadcrumbList\",\"@id\":\"https:\/\/dorotea.es\/en\/producto\/ruby-high-heel-boot-black\/#breadcrumb\",\"itemListElement\":[{\"@type\":\"ListItem\",\"position\":1,\"item\":{\"@type\":\"WebPage\",\"@id\":\"https:\/\/dorotea.es\/\",\"url\":\"https:\/\/dorotea.es\/\",\"name\":\"Portada\"}},{\"@type\":\"ListItem\",\"position\":2,\"item\":{\"@type\":\"WebPage\",\"@id\":\"https:\/\/dorotea.es\/tienda-online\/\",\"url\":\"https:\/\/dorotea.es\/tienda-online\/\",\"name\":\"Shop\"}},{\"@type\":\"ListItem\",\"position\":3,\"item\":{\"@id\":\"https:\/\/dorotea.es\/en\/producto\/ruby-high-heel-boot-black\/#webpage\"}}]}]}<\/script>\n<!-- \/ Yoast SEO plugin. -->","_links":{"self":[{"href":"https:\/\/dorotea.es\/en\/wp-json\/wp\/v2\/product\/5329"}],"collection":[{"href":"https:\/\/dorotea.es\/en\/wp-json\/wp\/v2\/product"}],"about":[{"href":"https:\/\/dorotea.es\/en\/wp-json\/wp\/v2\/types\/product"}],"replies":[{"embeddable":true,"href":"https:\/\/dorotea.es\/en\/wp-json\/wp\/v2\/comments?post=5329"}],"wp:featuredmedia":[{"embeddable":true,"href":"https:\/\/dorotea.es\/en\/wp-json\/wp\/v2\/media\/5716"}],"wp:attachment":[{"href":"https:\/\/dorotea.es\/en\/wp-json\/wp\/v2\/media?parent=5329"}],"curies":[{"name":"wp","href":"https:\/\/api.w.org\/{rel}","templated":true}]}}